{"id":258,"date":"2016-09-07T14:06:22","date_gmt":"2016-09-07T14:06:22","guid":{"rendered":"https:\/\/telepresence.iutmdm.fr\/?page_id=258"},"modified":"2017-12-19T06:20:18","modified_gmt":"2017-12-19T06:20:18","slug":"teleformation","status":"publish","type":"page","link":"https:\/\/telepresence.iutmdm.fr\/index.php\/teleformation\/","title":{"rendered":"T\u00e9l\u00e9formation"},"content":{"rendered":"<p><a href=\"https:\/\/telepresence.iutmdm.fr\/wp-content\/uploads\/2016\/09\/batRT.jpg\" rel=\"attachment wp-att-311\"><img loading=\"lazy\" class=\"aligncenter size-medium wp-image-311\" src=\"https:\/\/telepresence.iutmdm.fr\/wp-content\/uploads\/2016\/09\/batRT-300x219.jpg\" alt=\"batrt\" width=\"300\" height=\"219\" srcset=\"https:\/\/telepresence.iutmdm.fr\/wp-content\/uploads\/2016\/09\/batRT-300x219.jpg 300w, https:\/\/telepresence.iutmdm.fr\/wp-content\/uploads\/2016\/09\/batRT-768x560.jpg 768w, https:\/\/telepresence.iutmdm.fr\/wp-content\/uploads\/2016\/09\/batRT.jpg 976w\" sizes=\"(max-width: 300px) 100vw, 300px\" \/><\/a><\/p>\n<p>Dans le cadre de la construction d&rsquo;une Halle Technologique orient\u00e9e\u00a0Tr\u00e8s Haut D\u00e9bit, une salle de t\u00e9l\u00e9formation va \u00eatre mise en place \u00e0 l&rsquo;IUT de Mont de Marsan, et \u00e9quip\u00e9e avec plusieurs robots de t\u00e9l\u00e9pr\u00e9sence, afin de pouvoir effectuer des formations \u00e0 distance. La livraison de la salle est pr\u00e9vue au premier semestre 2019. Nous d\u00e9taillerons prochainement sur cette page le contenu et les usages pr\u00e9vus de cette salle.<\/p>\n","protected":false},"excerpt":{"rendered":"<p>Dans le cadre de la construction d&rsquo;une Halle Technologique orient\u00e9e\u00a0Tr\u00e8s Haut D\u00e9bit, une salle de t\u00e9l\u00e9formation va \u00eatre mise en place \u00e0 l&rsquo;IUT de Mont de Marsan, et \u00e9quip\u00e9e avec plusieurs robots de t\u00e9l\u00e9pr\u00e9sence, afin de pouvoir effectuer des formations \u00e0 distance. La livraison de la salle est pr\u00e9vue au premier semestre 2019. Nous d\u00e9taillerons [&hellip;]<\/p>\n","protected":false},"author":1,"featured_media":311,"parent":0,"menu_order":0,"comment_status":"closed","ping_status":"closed","template":"","meta":{"__cvm_playback_settings":"{\"title\":1,\"byline\":1,\"portrait\":0,\"loop\":0,\"autoplay\":0,\"color\":\"FF0000\",\"dnt\":0,\"aspect_ratio\":\"16x9\",\"width\":640,\"video_position\":\"below-content\",\"video_align\":\"align-left\",\"volume\":30,\"playlist_loop\":0,\"aspect_override\":true,\"start_time\":0,\"muted\":false,\"background\":false}","__cvm_video_id":""},"_links":{"self":[{"href":"https:\/\/telepresence.iutmdm.fr\/index.php\/wp-json\/wp\/v2\/pages\/258"}],"collection":[{"href":"https:\/\/telepresence.iutmdm.fr\/index.php\/wp-json\/wp\/v2\/pages"}],"about":[{"href":"https:\/\/telepresence.iutmdm.fr\/index.php\/wp-json\/wp\/v2\/types\/page"}],"author":[{"embeddable":true,"href":"https:\/\/telepresence.iutmdm.fr\/index.php\/wp-json\/wp\/v2\/users\/1"}],"replies":[{"embeddable":true,"href":"https:\/\/telepresence.iutmdm.fr\/index.php\/wp-json\/wp\/v2\/comments?post=258"}],"version-history":[{"count":5,"href":"https:\/\/telepresence.iutmdm.fr\/index.php\/wp-json\/wp\/v2\/pages\/258\/revisions"}],"predecessor-version":[{"id":463,"href":"https:\/\/telepresence.iutmdm.fr\/index.php\/wp-json\/wp\/v2\/pages\/258\/revisions\/463"}],"wp:featuredmedia":[{"embeddable":true,"href":"https:\/\/telepresence.iutmdm.fr\/index.php\/wp-json\/wp\/v2\/media\/311"}],"wp:attachment":[{"href":"https:\/\/telepresence.iutmdm.fr\/index.php\/wp-json\/wp\/v2\/media?parent=258"}],"curies":[{"name":"wp","href":"https:\/\/api.w.org\/{rel}","templated":true}]}}